{"id":913,"date":"2025-04-11T19:12:36","date_gmt":"2025-04-11T19:12:36","guid":{"rendered":"https:\/\/merkli.shop\/?post_type=product&#038;p=913"},"modified":"2025-04-17T03:49:13","modified_gmt":"2025-04-17T03:49:13","slug":"jamon-ahumado","status":"publish","type":"product","link":"https:\/\/merkli.shop\/index.php\/producto\/jamon-ahumado\/","title":{"rendered":"Jam\u00f3n Ahumado"},"content":{"rendered":"<p>Producto c\u00e1rnico elaborado a partir de carne de cerdo curada y ahumada para realzar su sabor y aroma, caracterizado por su textura tierna y jugosa, as\u00ed como por su distintivo sabor ahumado que lo convierte en una opci\u00f3n perfecta para una variedad de platillos.<\/p>\n","protected":false},"excerpt":{"rendered":"<p>Jam\u00f3n de cerdo curado y ahumado, con un sabor \u00fanico y textura jugosa, ideal para tapas y guisos.<\/p>\n","protected":false},"featured_media":1055,"template":"","meta":{"_monsterinsights_skip_tracking":false,"_monsterinsights_sitenote_active":false,"_monsterinsights_sitenote_note":"","_monsterinsights_sitenote_category":0},"product_brand":[80],"product_cat":[79],"product_tag":[94,86,92,73],"class_list":{"0":"post-913","1":"product","2":"type-product","3":"status-publish","4":"has-post-thumbnail","6":"product_brand-delicias-estrella-carnicos","7":"product_cat-producto-carnico-2","8":"product_tag-ahumado","9":"product_tag-cerdo-2","10":"product_tag-jugosa","11":"product_tag-producto-carnico","13":"first","14":"instock","15":"shipping-taxable","16":"purchasable","17":"product-type-simple","18":"customify-col"},"yoast_head":"<!-- This site is optimized with the Yoast SEO plugin v25.8 - https:\/\/yoast.com\/wordpress\/plugins\/seo\/ -->\n<title>Jam\u00f3n Ahumado - Merkli<\/title>\n<meta name=\"robots\" content=\"index, follow, max-snippet:-1, max-image-preview:large, max-video-preview:-1\" \/>\n<link rel=\"canonical\" href=\"https:\/\/merkli.shop\/index.php\/producto\/jamon-ahumado\/\" \/>\n<meta property=\"og:locale\" content=\"es_ES\" \/>\n<meta property=\"og:type\" content=\"article\" \/>\n<meta property=\"og:title\" content=\"Jam\u00f3n Ahumado - Merkli\" \/>\n<meta property=\"og:description\" content=\"Jam\u00f3n de cerdo curado y ahumado, con un sabor \u00fanico y textura jugosa, ideal para tapas y guisos.\" \/>\n<meta property=\"og:url\" content=\"https:\/\/merkli.shop\/index.php\/producto\/jamon-ahumado\/\" \/>\n<meta property=\"og:site_name\" content=\"Merkli\" \/>\n<meta property=\"article:modified_time\" content=\"2025-04-17T03:49:13+00:00\" \/>\n<meta property=\"og:image\" content=\"https:\/\/merkli.shop\/wp-content\/uploads\/2025\/04\/MG_4974-1.png\" \/>\n\t<meta property=\"og:image:width\" content=\"800\" \/>\n\t<meta property=\"og:image:height\" content=\"800\" \/>\n\t<meta property=\"og:image:type\" content=\"image\/png\" \/>\n<meta name=\"twitter:card\" content=\"summary_large_image\" \/>\n<meta name=\"twitter:label1\" content=\"Tiempo de lectura\" \/>\n\t<meta name=\"twitter:data1\" content=\"1 minuto\" \/>\n<script type=\"application\/ld+json\" class=\"yoast-schema-graph\">{\"@context\":\"https:\/\/schema.org\",\"@graph\":[{\"@type\":\"WebPage\",\"@id\":\"https:\/\/merkli.shop\/index.php\/producto\/jamon-ahumado\/\",\"url\":\"https:\/\/merkli.shop\/index.php\/producto\/jamon-ahumado\/\",\"name\":\"Jam\u00f3n Ahumado - Merkli\",\"isPartOf\":{\"@id\":\"https:\/\/merkli.shop\/#website\"},\"primaryImageOfPage\":{\"@id\":\"https:\/\/merkli.shop\/index.php\/producto\/jamon-ahumado\/#primaryimage\"},\"image\":{\"@id\":\"https:\/\/merkli.shop\/index.php\/producto\/jamon-ahumado\/#primaryimage\"},\"thumbnailUrl\":\"https:\/\/merkli.shop\/wp-content\/uploads\/2025\/04\/MG_4974-1.png\",\"datePublished\":\"2025-04-11T19:12:36+00:00\",\"dateModified\":\"2025-04-17T03:49:13+00:00\",\"breadcrumb\":{\"@id\":\"https:\/\/merkli.shop\/index.php\/producto\/jamon-ahumado\/#breadcrumb\"},\"inLanguage\":\"es\",\"potentialAction\":[{\"@type\":\"ReadAction\",\"target\":[\"https:\/\/merkli.shop\/index.php\/producto\/jamon-ahumado\/\"]}]},{\"@type\":\"ImageObject\",\"inLanguage\":\"es\",\"@id\":\"https:\/\/merkli.shop\/index.php\/producto\/jamon-ahumado\/#primaryimage\",\"url\":\"https:\/\/merkli.shop\/wp-content\/uploads\/2025\/04\/MG_4974-1.png\",\"contentUrl\":\"https:\/\/merkli.shop\/wp-content\/uploads\/2025\/04\/MG_4974-1.png\",\"width\":800,\"height\":800},{\"@type\":\"BreadcrumbList\",\"@id\":\"https:\/\/merkli.shop\/index.php\/producto\/jamon-ahumado\/#breadcrumb\",\"itemListElement\":[{\"@type\":\"ListItem\",\"position\":1,\"name\":\"Portada\",\"item\":\"https:\/\/merkli.shop\/\"},{\"@type\":\"ListItem\",\"position\":2,\"name\":\"Tienda\",\"item\":\"https:\/\/merkli.shop\/index.php\/tienda\/\"},{\"@type\":\"ListItem\",\"position\":3,\"name\":\"Jam\u00f3n Ahumado\"}]},{\"@type\":\"WebSite\",\"@id\":\"https:\/\/merkli.shop\/#website\",\"url\":\"https:\/\/merkli.shop\/\",\"name\":\"Merkli\",\"description\":\"M\u00e1s cerca de tus productos.\",\"publisher\":{\"@id\":\"https:\/\/merkli.shop\/#organization\"},\"potentialAction\":[{\"@type\":\"SearchAction\",\"target\":{\"@type\":\"EntryPoint\",\"urlTemplate\":\"https:\/\/merkli.shop\/?s={search_term_string}\"},\"query-input\":{\"@type\":\"PropertyValueSpecification\",\"valueRequired\":true,\"valueName\":\"search_term_string\"}}],\"inLanguage\":\"es\"},{\"@type\":\"Organization\",\"@id\":\"https:\/\/merkli.shop\/#organization\",\"name\":\"Merkli\",\"url\":\"https:\/\/merkli.shop\/\",\"logo\":{\"@type\":\"ImageObject\",\"inLanguage\":\"es\",\"@id\":\"https:\/\/merkli.shop\/#\/schema\/logo\/image\/\",\"url\":\"https:\/\/merkli.shop\/wp-content\/uploads\/2025\/04\/logoyo-1-scaled.png\",\"contentUrl\":\"https:\/\/merkli.shop\/wp-content\/uploads\/2025\/04\/logoyo-1-scaled.png\",\"width\":2560,\"height\":903,\"caption\":\"Merkli\"},\"image\":{\"@id\":\"https:\/\/merkli.shop\/#\/schema\/logo\/image\/\"}}]}<\/script>\n<!-- \/ Yoast SEO plugin. -->","yoast_head_json":{"title":"Jam\u00f3n Ahumado - Merkli","robots":{"index":"index","follow":"follow","max-snippet":"max-snippet:-1","max-image-preview":"max-image-preview:large","max-video-preview":"max-video-preview:-1"},"canonical":"https:\/\/merkli.shop\/index.php\/producto\/jamon-ahumado\/","og_locale":"es_ES","og_type":"article","og_title":"Jam\u00f3n Ahumado - Merkli","og_description":"Jam\u00f3n de cerdo curado y ahumado, con un sabor \u00fanico y textura jugosa, ideal para tapas y guisos.","og_url":"https:\/\/merkli.shop\/index.php\/producto\/jamon-ahumado\/","og_site_name":"Merkli","article_modified_time":"2025-04-17T03:49:13+00:00","og_image":[{"width":800,"height":800,"url":"https:\/\/merkli.shop\/wp-content\/uploads\/2025\/04\/MG_4974-1.png","type":"image\/png"}],"twitter_card":"summary_large_image","twitter_misc":{"Tiempo de lectura":"1 minuto"},"schema":{"@context":"https:\/\/schema.org","@graph":[{"@type":"WebPage","@id":"https:\/\/merkli.shop\/index.php\/producto\/jamon-ahumado\/","url":"https:\/\/merkli.shop\/index.php\/producto\/jamon-ahumado\/","name":"Jam\u00f3n Ahumado - Merkli","isPartOf":{"@id":"https:\/\/merkli.shop\/#website"},"primaryImageOfPage":{"@id":"https:\/\/merkli.shop\/index.php\/producto\/jamon-ahumado\/#primaryimage"},"image":{"@id":"https:\/\/merkli.shop\/index.php\/producto\/jamon-ahumado\/#primaryimage"},"thumbnailUrl":"https:\/\/merkli.shop\/wp-content\/uploads\/2025\/04\/MG_4974-1.png","datePublished":"2025-04-11T19:12:36+00:00","dateModified":"2025-04-17T03:49:13+00:00","breadcrumb":{"@id":"https:\/\/merkli.shop\/index.php\/producto\/jamon-ahumado\/#breadcrumb"},"inLanguage":"es","potentialAction":[{"@type":"ReadAction","target":["https:\/\/merkli.shop\/index.php\/producto\/jamon-ahumado\/"]}]},{"@type":"ImageObject","inLanguage":"es","@id":"https:\/\/merkli.shop\/index.php\/producto\/jamon-ahumado\/#primaryimage","url":"https:\/\/merkli.shop\/wp-content\/uploads\/2025\/04\/MG_4974-1.png","contentUrl":"https:\/\/merkli.shop\/wp-content\/uploads\/2025\/04\/MG_4974-1.png","width":800,"height":800},{"@type":"BreadcrumbList","@id":"https:\/\/merkli.shop\/index.php\/producto\/jamon-ahumado\/#breadcrumb","itemListElement":[{"@type":"ListItem","position":1,"name":"Portada","item":"https:\/\/merkli.shop\/"},{"@type":"ListItem","position":2,"name":"Tienda","item":"https:\/\/merkli.shop\/index.php\/tienda\/"},{"@type":"ListItem","position":3,"name":"Jam\u00f3n Ahumado"}]},{"@type":"WebSite","@id":"https:\/\/merkli.shop\/#website","url":"https:\/\/merkli.shop\/","name":"Merkli","description":"M\u00e1s cerca de tus productos.","publisher":{"@id":"https:\/\/merkli.shop\/#organization"},"potentialAction":[{"@type":"SearchAction","target":{"@type":"EntryPoint","urlTemplate":"https:\/\/merkli.shop\/?s={search_term_string}"},"query-input":{"@type":"PropertyValueSpecification","valueRequired":true,"valueName":"search_term_string"}}],"inLanguage":"es"},{"@type":"Organization","@id":"https:\/\/merkli.shop\/#organization","name":"Merkli","url":"https:\/\/merkli.shop\/","logo":{"@type":"ImageObject","inLanguage":"es","@id":"https:\/\/merkli.shop\/#\/schema\/logo\/image\/","url":"https:\/\/merkli.shop\/wp-content\/uploads\/2025\/04\/logoyo-1-scaled.png","contentUrl":"https:\/\/merkli.shop\/wp-content\/uploads\/2025\/04\/logoyo-1-scaled.png","width":2560,"height":903,"caption":"Merkli"},"image":{"@id":"https:\/\/merkli.shop\/#\/schema\/logo\/image\/"}}]}},"jetpack_sharing_enabled":true,"_links":{"self":[{"href":"https:\/\/merkli.shop\/index.php\/wp-json\/wp\/v2\/product\/913","targetHints":{"allow":["GET"]}}],"collection":[{"href":"https:\/\/merkli.shop\/index.php\/wp-json\/wp\/v2\/product"}],"about":[{"href":"https:\/\/merkli.shop\/index.php\/wp-json\/wp\/v2\/types\/product"}],"wp:featuredmedia":[{"embeddable":true,"href":"https:\/\/merkli.shop\/index.php\/wp-json\/wp\/v2\/media\/1055"}],"wp:attachment":[{"href":"https:\/\/merkli.shop\/index.php\/wp-json\/wp\/v2\/media?parent=913"}],"wp:term":[{"taxonomy":"product_brand","embeddable":true,"href":"https:\/\/merkli.shop\/index.php\/wp-json\/wp\/v2\/product_brand?post=913"},{"taxonomy":"product_cat","embeddable":true,"href":"https:\/\/merkli.shop\/index.php\/wp-json\/wp\/v2\/product_cat?post=913"},{"taxonomy":"product_tag","embeddable":true,"href":"https:\/\/merkli.shop\/index.php\/wp-json\/wp\/v2\/product_tag?post=913"}],"curies":[{"name":"wp","href":"https:\/\/api.w.org\/{rel}","templated":true}]}}