{"id":612,"date":"2024-09-25T19:16:21","date_gmt":"2024-09-25T19:16:21","guid":{"rendered":"https:\/\/alocompra.com\/Nuevo\/?page_id=612"},"modified":"2024-09-25T19:16:21","modified_gmt":"2024-09-25T19:16:21","slug":"devoluciones","status":"publish","type":"page","link":"https:\/\/merkli.shop\/index.php\/devoluciones\/","title":{"rendered":"Devoluciones"},"content":{"rendered":"<p>Usted podr\u00e1 devolver los productos comprados en la tienda virtual en el momento de la recepci\u00f3n del pedido siempre que no cumpla con lo solicitado. Se aplica un cargo de 7% del valor total del pedido rechazado, por concepto de gastos bancarios.<\/p>\n<p>Una vez que usted firme el acta de entrega de la mercanc\u00eda tendr\u00e1 un t\u00e9rmino de garant\u00eda de 24 horas, durante la cual se podr\u00e1n efectuar devoluciones sin costo alguno siempre que el defecto encontrado est\u00e9 causado por mala fabricaci\u00f3n, calidad de la materia prima utilizada, vicios ocultos. Si por otro motivo quisiera devolver el producto tendr\u00eda un costo del 15 % del valor total del pedido rechazado.<\/p>\n<p>Para efectuar la solicitud de devoluci\u00f3n debe contactar con el servicio de cliente: clientes@Merkli.com<\/p>\n<p>El reembolso del valor del producto se realizar\u00e1 en un t\u00e9rmino de siete d\u00edas h\u00e1biles una vez devuelto.<\/p>\n<p>Los productos deber\u00e1n ser devueltos en el mismo estado en que fueron recibidos y con el envase original.<\/p>\n","protected":false},"excerpt":{"rendered":"<p>Usted podr\u00e1 devolver los productos comprados en la tienda virtual en el momento de la recepci\u00f3n del pedido siempre que no cumpla con lo solicitado.&hellip;<\/p>\n","protected":false},"author":1,"featured_media":0,"parent":0,"menu_order":0,"comment_status":"closed","ping_status":"closed","template":"","meta":{"_monsterinsights_skip_tracking":false,"_monsterinsights_sitenote_active":false,"_monsterinsights_sitenote_note":"","_monsterinsights_sitenote_category":0,"footnotes":""},"class_list":["post-612","page","type-page","status-publish","hentry"],"yoast_head":"<!-- This site is optimized with the Yoast SEO plugin v25.8 - https:\/\/yoast.com\/wordpress\/plugins\/seo\/ -->\n<title>Devoluciones - Merkli<\/title>\n<meta name=\"robots\" content=\"index, follow, max-snippet:-1, max-image-preview:large, max-video-preview:-1\" \/>\n<link rel=\"canonical\" href=\"https:\/\/merkli.shop\/index.php\/devoluciones\/\" \/>\n<meta property=\"og:locale\" content=\"es_ES\" \/>\n<meta property=\"og:type\" content=\"article\" \/>\n<meta property=\"og:title\" content=\"Devoluciones - Merkli\" \/>\n<meta property=\"og:description\" content=\"Usted podr\u00e1 devolver los productos comprados en la tienda virtual en el momento de la recepci\u00f3n del pedido siempre que no cumpla con lo solicitado.&hellip;\" \/>\n<meta property=\"og:url\" content=\"https:\/\/merkli.shop\/index.php\/devoluciones\/\" \/>\n<meta property=\"og:site_name\" content=\"Merkli\" \/>\n<meta name=\"twitter:card\" content=\"summary_large_image\" \/>\n<meta name=\"twitter:label1\" content=\"Tiempo de lectura\" \/>\n\t<meta name=\"twitter:data1\" content=\"1 minuto\" \/>\n<script type=\"application\/ld+json\" class=\"yoast-schema-graph\">{\"@context\":\"https:\/\/schema.org\",\"@graph\":[{\"@type\":\"WebPage\",\"@id\":\"https:\/\/merkli.shop\/index.php\/devoluciones\/\",\"url\":\"https:\/\/merkli.shop\/index.php\/devoluciones\/\",\"name\":\"Devoluciones - Merkli\",\"isPartOf\":{\"@id\":\"https:\/\/merkli.shop\/#website\"},\"datePublished\":\"2024-09-25T19:16:21+00:00\",\"breadcrumb\":{\"@id\":\"https:\/\/merkli.shop\/index.php\/devoluciones\/#breadcrumb\"},\"inLanguage\":\"es\",\"potentialAction\":[{\"@type\":\"ReadAction\",\"target\":[\"https:\/\/merkli.shop\/index.php\/devoluciones\/\"]}]},{\"@type\":\"BreadcrumbList\",\"@id\":\"https:\/\/merkli.shop\/index.php\/devoluciones\/#breadcrumb\",\"itemListElement\":[{\"@type\":\"ListItem\",\"position\":1,\"name\":\"Portada\",\"item\":\"https:\/\/merkli.shop\/\"},{\"@type\":\"ListItem\",\"position\":2,\"name\":\"Devoluciones\"}]},{\"@type\":\"WebSite\",\"@id\":\"https:\/\/merkli.shop\/#website\",\"url\":\"https:\/\/merkli.shop\/\",\"name\":\"Merkli\",\"description\":\"M\u00e1s cerca de tus productos.\",\"publisher\":{\"@id\":\"https:\/\/merkli.shop\/#organization\"},\"potentialAction\":[{\"@type\":\"SearchAction\",\"target\":{\"@type\":\"EntryPoint\",\"urlTemplate\":\"https:\/\/merkli.shop\/?s={search_term_string}\"},\"query-input\":{\"@type\":\"PropertyValueSpecification\",\"valueRequired\":true,\"valueName\":\"search_term_string\"}}],\"inLanguage\":\"es\"},{\"@type\":\"Organization\",\"@id\":\"https:\/\/merkli.shop\/#organization\",\"name\":\"Merkli\",\"url\":\"https:\/\/merkli.shop\/\",\"logo\":{\"@type\":\"ImageObject\",\"inLanguage\":\"es\",\"@id\":\"https:\/\/merkli.shop\/#\/schema\/logo\/image\/\",\"url\":\"https:\/\/merkli.shop\/wp-content\/uploads\/2025\/04\/logoyo-1-scaled.png\",\"contentUrl\":\"https:\/\/merkli.shop\/wp-content\/uploads\/2025\/04\/logoyo-1-scaled.png\",\"width\":2560,\"height\":903,\"caption\":\"Merkli\"},\"image\":{\"@id\":\"https:\/\/merkli.shop\/#\/schema\/logo\/image\/\"}}]}<\/script>\n<!-- \/ Yoast SEO plugin. -->","yoast_head_json":{"title":"Devoluciones - Merkli","robots":{"index":"index","follow":"follow","max-snippet":"max-snippet:-1","max-image-preview":"max-image-preview:large","max-video-preview":"max-video-preview:-1"},"canonical":"https:\/\/merkli.shop\/index.php\/devoluciones\/","og_locale":"es_ES","og_type":"article","og_title":"Devoluciones - Merkli","og_description":"Usted podr\u00e1 devolver los productos comprados en la tienda virtual en el momento de la recepci\u00f3n del pedido siempre que no cumpla con lo solicitado.&hellip;","og_url":"https:\/\/merkli.shop\/index.php\/devoluciones\/","og_site_name":"Merkli","twitter_card":"summary_large_image","twitter_misc":{"Tiempo de lectura":"1 minuto"},"schema":{"@context":"https:\/\/schema.org","@graph":[{"@type":"WebPage","@id":"https:\/\/merkli.shop\/index.php\/devoluciones\/","url":"https:\/\/merkli.shop\/index.php\/devoluciones\/","name":"Devoluciones - Merkli","isPartOf":{"@id":"https:\/\/merkli.shop\/#website"},"datePublished":"2024-09-25T19:16:21+00:00","breadcrumb":{"@id":"https:\/\/merkli.shop\/index.php\/devoluciones\/#breadcrumb"},"inLanguage":"es","potentialAction":[{"@type":"ReadAction","target":["https:\/\/merkli.shop\/index.php\/devoluciones\/"]}]},{"@type":"BreadcrumbList","@id":"https:\/\/merkli.shop\/index.php\/devoluciones\/#breadcrumb","itemListElement":[{"@type":"ListItem","position":1,"name":"Portada","item":"https:\/\/merkli.shop\/"},{"@type":"ListItem","position":2,"name":"Devoluciones"}]},{"@type":"WebSite","@id":"https:\/\/merkli.shop\/#website","url":"https:\/\/merkli.shop\/","name":"Merkli","description":"M\u00e1s cerca de tus productos.","publisher":{"@id":"https:\/\/merkli.shop\/#organization"},"potentialAction":[{"@type":"SearchAction","target":{"@type":"EntryPoint","urlTemplate":"https:\/\/merkli.shop\/?s={search_term_string}"},"query-input":{"@type":"PropertyValueSpecification","valueRequired":true,"valueName":"search_term_string"}}],"inLanguage":"es"},{"@type":"Organization","@id":"https:\/\/merkli.shop\/#organization","name":"Merkli","url":"https:\/\/merkli.shop\/","logo":{"@type":"ImageObject","inLanguage":"es","@id":"https:\/\/merkli.shop\/#\/schema\/logo\/image\/","url":"https:\/\/merkli.shop\/wp-content\/uploads\/2025\/04\/logoyo-1-scaled.png","contentUrl":"https:\/\/merkli.shop\/wp-content\/uploads\/2025\/04\/logoyo-1-scaled.png","width":2560,"height":903,"caption":"Merkli"},"image":{"@id":"https:\/\/merkli.shop\/#\/schema\/logo\/image\/"}}]}},"jetpack_sharing_enabled":true,"_links":{"self":[{"href":"https:\/\/merkli.shop\/index.php\/wp-json\/wp\/v2\/pages\/612","targetHints":{"allow":["GET"]}}],"collection":[{"href":"https:\/\/merkli.shop\/index.php\/wp-json\/wp\/v2\/pages"}],"about":[{"href":"https:\/\/merkli.shop\/index.php\/wp-json\/wp\/v2\/types\/page"}],"author":[{"embeddable":true,"href":"https:\/\/merkli.shop\/index.php\/wp-json\/wp\/v2\/users\/1"}],"replies":[{"embeddable":true,"href":"https:\/\/merkli.shop\/index.php\/wp-json\/wp\/v2\/comments?post=612"}],"version-history":[{"count":1,"href":"https:\/\/merkli.shop\/index.php\/wp-json\/wp\/v2\/pages\/612\/revisions"}],"predecessor-version":[{"id":618,"href":"https:\/\/merkli.shop\/index.php\/wp-json\/wp\/v2\/pages\/612\/revisions\/618"}],"wp:attachment":[{"href":"https:\/\/merkli.shop\/index.php\/wp-json\/wp\/v2\/media?parent=612"}],"curies":[{"name":"wp","href":"https:\/\/api.w.org\/{rel}","templated":true}]}}