{"id":557,"date":"2024-08-16T14:17:24","date_gmt":"2024-08-16T14:17:24","guid":{"rendered":"https:\/\/alcansan.com\/wordpress_2\/?page_id=170"},"modified":"2024-09-26T13:59:19","modified_gmt":"2024-09-26T13:59:19","slug":"preguntas-frecuentes","status":"publish","type":"page","link":"https:\/\/merkli.shop\/index.php\/preguntas-frecuentes\/","title":{"rendered":"Preguntas frecuentes"},"content":{"rendered":"<p><strong>Preguntas Frecuentes<\/strong><\/p>\n<p><strong>\u00bfQu\u00e9 tipo de tarjetas se aceptan?<\/strong><\/p>\n<p>Podemos recibir ingresos de la mayor\u00eda de entidades bancarias del mundo a trav\u00e9s de tarjetas de cr\u00e9dito o d\u00e9bito. Nuestra plataforma acepta cualquier tarjeta VISA, Mastercard, American Express, Discover, Diners Club International y UnionPay, con autorizaci\u00f3n para pagos internacionales en comercios electr\u00f3nicos.<\/p>\n<p>M\u00e1s detalles:[\u00bfQu\u00e9 tipo de tarjetas se aceptan?- Help Tropipay](https:\/\/help.tropipay.com\/knowledge-base\/que-tipo-de-tarjetas-se-permite-cargar\/)<\/p>\n<p><strong>\u00bfC\u00f3mo usar la pasarela de pago Tropipay?<\/strong><\/p>\n<p>Registrarse: con una identificaci\u00f3n y un correo electr\u00f3nico<\/p>\n<p>M\u00e1s detalles: https:\/\/help.tropipay.com\/knowledge-base\/como-crear-una-cuenta-tropipay\/<\/p>\n<p><strong>\u00bfEs Tropipay un modo de pago seguro?<\/strong><\/p>\n<p>TropiPay es un Monedero electr\u00f3nico (e-Wallet) que permite a cualquier persona o comercio hacer transacciones monetarias en l\u00ednea, de forma r\u00e1pida, segura y respaldada por entidades financieras europeas.<\/p>\n<p>Es una plataforma dedicada a procesar de manera simplificada, las operaciones financieras diarias de cualquier persona o negocio, adem\u00e1s de ofrecer acceso a distintos productos con ofertas y bonificaciones especiales en nuestro Market. Una herramienta que te ofrece el total control de las finanzas de tu hogar o negocio y, a la vez, brindar m\u00e1s facilidades y soluciones de pago a tu equipo y a tus clientes.<\/p>\n<p>\u00a1Todo esto, desde cualquier lugar, a cualquier hora, en EUROS (\u20ac) y con TODAS las garant\u00edas y respaldos que ofrece una licencia de Entidad de Pago emitida por el Banco de Espa\u00f1a!<\/p>\n<p>M\u00e1s sobre Tropipay: <a href=\"http:\/\/www.tropipay.com\">www.tropipay.com<\/a><\/p>\n<p><strong>\u00bfHay que registrarse en el sitio?<\/strong><\/p>\n<ul>\n<li>No, puede navegar por nuestro sitio libremente sin necesidad de registrarse hasta la hora de pagar.<\/li>\n<\/ul>\n<p><strong>\u00bfC\u00f3mo registrarse?<\/strong><\/p>\n<ul>\n<li>Para registrarse complete el formulario e introduzca una contrase\u00f1a. Note que los campos marcados con un * son obligatorios.<br \/>\nUna vez registrado en el sitio, en lo adelante solamente es necesario autenticarse, es decir, teclear su correo electr\u00f3nico y su contrase\u00f1a en la parte superior de la p\u00e1gina de inicio.<\/li>\n<\/ul>\n<p><strong>\u00bfCu\u00e1les son los d\u00edas de las entregas?<\/strong><\/p>\n<ul>\n<li>Todos los d\u00edas, menos los domingos, en el horario comprendido entre las 9:00 am y las 7:00 pm. (Revise las Tarifas de Transportaci\u00f3n)<\/li>\n<\/ul>\n<p><strong>\u00bfDonde y cu\u00e1ndo se puede realizar la recogida en almac\u00e9n?<\/strong><\/p>\n<ul>\n<li>Se realiza en: Calle 230 entre 35 y 31, San Agust\u00edn, La Lisa, La Habana de lunes a viernes, en el horario comprendido de 9:00 am a 1:00 pm y los s\u00e1bados de 9:00 am a 12:00 m. Usted deber\u00e1 comunicarse con la tienda para confirmar la recogida.<\/li>\n<\/ul>\n<p><strong>\u00bfDonde y cu\u00e1ndo se puede realizar la recogida en tienda?<\/strong><\/p>\n<ul>\n<li>Se realizar\u00e1 en el Centro Cultural Almacenes San Jos\u00e9, Calle San Pedro esquina Cuba, Habana Vieja, de martes a s\u00e1bado, en el horario comprendido de 9:00 am a 6:00 pm. Usted deber\u00e1 comunicarse con la tienda para confirmar la recogida.<\/li>\n<\/ul>\n<p><strong>\u00bfCu\u00e1l es la tarifa de transportaci\u00f3n?<\/strong><\/p>\n<ul>\n<li>Revise las Tarifas de Transportaci\u00f3n<\/li>\n<\/ul>\n<p><strong>\u00bfPuede variar el costo de la transportaci\u00f3n?<\/strong><\/p>\n<ul>\n<li>S\u00ed puede variar. Algunos pedidos que superan los 10kg en veh\u00edculos pesados por el volumen del mismo.<\/li>\n<\/ul>\n<p><strong>\u00bfPuedo devolver mi compra si el producto est\u00e1 en mal estado?<\/strong><\/p>\n<ul>\n<li>S\u00ed puede devolverlos. Nuestros productos tienen una garant\u00eda y puede consultarla en nuestras\u00a0<u>pol\u00edticas de devoluci\u00f3n<\/u>.<\/li>\n<\/ul>\n","protected":false},"excerpt":{"rendered":"<p>Preguntas Frecuentes \u00bfQu\u00e9 tipo de tarjetas se aceptan? Podemos recibir ingresos de la mayor\u00eda de entidades bancarias del mundo a trav\u00e9s de tarjetas de cr\u00e9dito&hellip;<\/p>\n","protected":false},"author":1,"featured_media":0,"parent":0,"menu_order":0,"comment_status":"closed","ping_status":"closed","template":"","meta":{"_monsterinsights_skip_tracking":false,"_monsterinsights_sitenote_active":false,"_monsterinsights_sitenote_note":"","_monsterinsights_sitenote_category":0,"footnotes":""},"class_list":["post-557","page","type-page","status-publish","hentry"],"yoast_head":"<!-- This site is optimized with the Yoast SEO plugin v25.8 - https:\/\/yoast.com\/wordpress\/plugins\/seo\/ -->\n<title>Preguntas frecuentes - Merkli<\/title>\n<meta name=\"robots\" content=\"index, follow, max-snippet:-1, max-image-preview:large, max-video-preview:-1\" \/>\n<link rel=\"canonical\" href=\"https:\/\/merkli.shop\/index.php\/preguntas-frecuentes\/\" \/>\n<meta property=\"og:locale\" content=\"es_ES\" \/>\n<meta property=\"og:type\" content=\"article\" \/>\n<meta property=\"og:title\" content=\"Preguntas frecuentes - Merkli\" \/>\n<meta property=\"og:description\" content=\"Preguntas Frecuentes \u00bfQu\u00e9 tipo de tarjetas se aceptan? Podemos recibir ingresos de la mayor\u00eda de entidades bancarias del mundo a trav\u00e9s de tarjetas de cr\u00e9dito&hellip;\" \/>\n<meta property=\"og:url\" content=\"https:\/\/merkli.shop\/index.php\/preguntas-frecuentes\/\" \/>\n<meta property=\"og:site_name\" content=\"Merkli\" \/>\n<meta property=\"article:modified_time\" content=\"2024-09-26T13:59:19+00:00\" \/>\n<meta name=\"twitter:card\" content=\"summary_large_image\" \/>\n<meta name=\"twitter:label1\" content=\"Tiempo de lectura\" \/>\n\t<meta name=\"twitter:data1\" content=\"3 minutos\" \/>\n<script type=\"application\/ld+json\" class=\"yoast-schema-graph\">{\"@context\":\"https:\/\/schema.org\",\"@graph\":[{\"@type\":\"WebPage\",\"@id\":\"https:\/\/merkli.shop\/index.php\/preguntas-frecuentes\/\",\"url\":\"https:\/\/merkli.shop\/index.php\/preguntas-frecuentes\/\",\"name\":\"Preguntas frecuentes - Merkli\",\"isPartOf\":{\"@id\":\"https:\/\/merkli.shop\/#website\"},\"datePublished\":\"2024-08-16T14:17:24+00:00\",\"dateModified\":\"2024-09-26T13:59:19+00:00\",\"breadcrumb\":{\"@id\":\"https:\/\/merkli.shop\/index.php\/preguntas-frecuentes\/#breadcrumb\"},\"inLanguage\":\"es\",\"potentialAction\":[{\"@type\":\"ReadAction\",\"target\":[\"https:\/\/merkli.shop\/index.php\/preguntas-frecuentes\/\"]}]},{\"@type\":\"BreadcrumbList\",\"@id\":\"https:\/\/merkli.shop\/index.php\/preguntas-frecuentes\/#breadcrumb\",\"itemListElement\":[{\"@type\":\"ListItem\",\"position\":1,\"name\":\"Portada\",\"item\":\"https:\/\/merkli.shop\/\"},{\"@type\":\"ListItem\",\"position\":2,\"name\":\"Preguntas frecuentes\"}]},{\"@type\":\"WebSite\",\"@id\":\"https:\/\/merkli.shop\/#website\",\"url\":\"https:\/\/merkli.shop\/\",\"name\":\"Merkli\",\"description\":\"M\u00e1s cerca de tus productos.\",\"publisher\":{\"@id\":\"https:\/\/merkli.shop\/#organization\"},\"potentialAction\":[{\"@type\":\"SearchAction\",\"target\":{\"@type\":\"EntryPoint\",\"urlTemplate\":\"https:\/\/merkli.shop\/?s={search_term_string}\"},\"query-input\":{\"@type\":\"PropertyValueSpecification\",\"valueRequired\":true,\"valueName\":\"search_term_string\"}}],\"inLanguage\":\"es\"},{\"@type\":\"Organization\",\"@id\":\"https:\/\/merkli.shop\/#organization\",\"name\":\"Merkli\",\"url\":\"https:\/\/merkli.shop\/\",\"logo\":{\"@type\":\"ImageObject\",\"inLanguage\":\"es\",\"@id\":\"https:\/\/merkli.shop\/#\/schema\/logo\/image\/\",\"url\":\"https:\/\/merkli.shop\/wp-content\/uploads\/2025\/04\/logoyo-1-scaled.png\",\"contentUrl\":\"https:\/\/merkli.shop\/wp-content\/uploads\/2025\/04\/logoyo-1-scaled.png\",\"width\":2560,\"height\":903,\"caption\":\"Merkli\"},\"image\":{\"@id\":\"https:\/\/merkli.shop\/#\/schema\/logo\/image\/\"}}]}<\/script>\n<!-- \/ Yoast SEO plugin. -->","yoast_head_json":{"title":"Preguntas frecuentes - Merkli","robots":{"index":"index","follow":"follow","max-snippet":"max-snippet:-1","max-image-preview":"max-image-preview:large","max-video-preview":"max-video-preview:-1"},"canonical":"https:\/\/merkli.shop\/index.php\/preguntas-frecuentes\/","og_locale":"es_ES","og_type":"article","og_title":"Preguntas frecuentes - Merkli","og_description":"Preguntas Frecuentes \u00bfQu\u00e9 tipo de tarjetas se aceptan? Podemos recibir ingresos de la mayor\u00eda de entidades bancarias del mundo a trav\u00e9s de tarjetas de cr\u00e9dito&hellip;","og_url":"https:\/\/merkli.shop\/index.php\/preguntas-frecuentes\/","og_site_name":"Merkli","article_modified_time":"2024-09-26T13:59:19+00:00","twitter_card":"summary_large_image","twitter_misc":{"Tiempo de lectura":"3 minutos"},"schema":{"@context":"https:\/\/schema.org","@graph":[{"@type":"WebPage","@id":"https:\/\/merkli.shop\/index.php\/preguntas-frecuentes\/","url":"https:\/\/merkli.shop\/index.php\/preguntas-frecuentes\/","name":"Preguntas frecuentes - Merkli","isPartOf":{"@id":"https:\/\/merkli.shop\/#website"},"datePublished":"2024-08-16T14:17:24+00:00","dateModified":"2024-09-26T13:59:19+00:00","breadcrumb":{"@id":"https:\/\/merkli.shop\/index.php\/preguntas-frecuentes\/#breadcrumb"},"inLanguage":"es","potentialAction":[{"@type":"ReadAction","target":["https:\/\/merkli.shop\/index.php\/preguntas-frecuentes\/"]}]},{"@type":"BreadcrumbList","@id":"https:\/\/merkli.shop\/index.php\/preguntas-frecuentes\/#breadcrumb","itemListElement":[{"@type":"ListItem","position":1,"name":"Portada","item":"https:\/\/merkli.shop\/"},{"@type":"ListItem","position":2,"name":"Preguntas frecuentes"}]},{"@type":"WebSite","@id":"https:\/\/merkli.shop\/#website","url":"https:\/\/merkli.shop\/","name":"Merkli","description":"M\u00e1s cerca de tus productos.","publisher":{"@id":"https:\/\/merkli.shop\/#organization"},"potentialAction":[{"@type":"SearchAction","target":{"@type":"EntryPoint","urlTemplate":"https:\/\/merkli.shop\/?s={search_term_string}"},"query-input":{"@type":"PropertyValueSpecification","valueRequired":true,"valueName":"search_term_string"}}],"inLanguage":"es"},{"@type":"Organization","@id":"https:\/\/merkli.shop\/#organization","name":"Merkli","url":"https:\/\/merkli.shop\/","logo":{"@type":"ImageObject","inLanguage":"es","@id":"https:\/\/merkli.shop\/#\/schema\/logo\/image\/","url":"https:\/\/merkli.shop\/wp-content\/uploads\/2025\/04\/logoyo-1-scaled.png","contentUrl":"https:\/\/merkli.shop\/wp-content\/uploads\/2025\/04\/logoyo-1-scaled.png","width":2560,"height":903,"caption":"Merkli"},"image":{"@id":"https:\/\/merkli.shop\/#\/schema\/logo\/image\/"}}]}},"jetpack_sharing_enabled":true,"_links":{"self":[{"href":"https:\/\/merkli.shop\/index.php\/wp-json\/wp\/v2\/pages\/557","targetHints":{"allow":["GET"]}}],"collection":[{"href":"https:\/\/merkli.shop\/index.php\/wp-json\/wp\/v2\/pages"}],"about":[{"href":"https:\/\/merkli.shop\/index.php\/wp-json\/wp\/v2\/types\/page"}],"author":[{"embeddable":true,"href":"https:\/\/merkli.shop\/index.php\/wp-json\/wp\/v2\/users\/1"}],"replies":[{"embeddable":true,"href":"https:\/\/merkli.shop\/index.php\/wp-json\/wp\/v2\/comments?post=557"}],"version-history":[{"count":3,"href":"https:\/\/merkli.shop\/index.php\/wp-json\/wp\/v2\/pages\/557\/revisions"}],"predecessor-version":[{"id":640,"href":"https:\/\/merkli.shop\/index.php\/wp-json\/wp\/v2\/pages\/557\/revisions\/640"}],"wp:attachment":[{"href":"https:\/\/merkli.shop\/index.php\/wp-json\/wp\/v2\/media?parent=557"}],"curies":[{"name":"wp","href":"https:\/\/api.w.org\/{rel}","templated":true}]}}