{"id":556,"date":"2024-08-16T14:17:02","date_gmt":"2024-08-16T14:17:02","guid":{"rendered":"https:\/\/alcansan.com\/wordpress_2\/?page_id=168"},"modified":"2024-09-25T19:18:33","modified_gmt":"2024-09-25T19:18:33","slug":"nosotros-2","status":"publish","type":"page","link":"https:\/\/merkli.shop\/index.php\/nosotros-2\/","title":{"rendered":"Nosotros"},"content":{"rendered":"<p style=\"text-align: justify;\"><strong><span lang=\"es-CU\" style=\"font-family: 'Arial',sans-serif;\">Merkli: Todo en l\u00ednea en la isla<\/span><\/strong><\/p>\n<p style=\"text-align: justify;\"><span lang=\"es-CU\" style=\"font-family: 'Arial',sans-serif;\">En <strong><span style=\"font-family: 'Arial',sans-serif;\">Merkli<\/span><\/strong>, te traemos la frescura y variedad de los mejores productos alimenticios directamente a tu hogar, en toda La Habana. Ofrecemos una amplia selecci\u00f3n de alimentos nacionales e importados, disponibles tanto en formatos individuales como en grandes cantidades, para satisfacer todas tus necesidades, ya sea para tu hogar, negocio o eventos especiales.<\/span><\/p>\n<p style=\"text-align: justify;\"><span lang=\"es-CU\" style=\"font-family: 'Arial',sans-serif;\">Con <strong><span style=\"font-family: 'Arial',sans-serif;\">Merkli<\/span><\/strong>, comprar alimentos es m\u00e1s f\u00e1cil, r\u00e1pido y conveniente que nunca. Nuestra plataforma en l\u00ednea te permite explorar nuestra variedad de productos, hacer tu pedido con unos pocos clics y recibirlo en la puerta de tu casa, sin las largas colas ni la falta de disponibilidad que a veces enfrentamos.<\/span><\/p>\n<p style=\"text-align: justify;\"><span lang=\"es-CU\" style=\"font-family: 'Arial',sans-serif;\">Nuestro equipo comercial est\u00e1 disponible para atender cualquier pedido especial que desees. Estamos comprometidos en ofrecerte la mejor calidad al mejor precio, con un servicio de entrega confiable y seguro.<\/span><\/p>\n<p style=\"text-align: justify;\"><span lang=\"es-CU\" style=\"font-family: 'Arial',sans-serif;\">Olv\u00eddate de las complicaciones y disfruta de la comodidad de hacer tus compras desde casa con <strong><span style=\"font-family: 'Arial',sans-serif;\">Merkli<\/span><\/strong>. \u00a1Tu alimentaci\u00f3n, nuestra prioridad!<\/span><\/p>\n","protected":false},"excerpt":{"rendered":"<p>Merkli: Todo en l\u00ednea en la isla En Merkli, te traemos la frescura y variedad de los mejores productos alimenticios directamente a tu hogar, en&hellip;<\/p>\n","protected":false},"author":1,"featured_media":0,"parent":0,"menu_order":0,"comment_status":"closed","ping_status":"closed","template":"","meta":{"_monsterinsights_skip_tracking":false,"_monsterinsights_sitenote_active":false,"_monsterinsights_sitenote_note":"","_monsterinsights_sitenote_category":0,"footnotes":""},"class_list":["post-556","page","type-page","status-publish","hentry"],"yoast_head":"<!-- This site is optimized with the Yoast SEO plugin v25.8 - https:\/\/yoast.com\/wordpress\/plugins\/seo\/ -->\n<title>Nosotros - Merkli<\/title>\n<meta name=\"robots\" content=\"index, follow, max-snippet:-1, max-image-preview:large, max-video-preview:-1\" \/>\n<link rel=\"canonical\" href=\"https:\/\/merkli.shop\/index.php\/nosotros-2\/\" \/>\n<meta property=\"og:locale\" content=\"es_ES\" \/>\n<meta property=\"og:type\" content=\"article\" \/>\n<meta property=\"og:title\" content=\"Nosotros - Merkli\" \/>\n<meta property=\"og:description\" content=\"Merkli: Todo en l\u00ednea en la isla En Merkli, te traemos la frescura y variedad de los mejores productos alimenticios directamente a tu hogar, en&hellip;\" \/>\n<meta property=\"og:url\" content=\"https:\/\/merkli.shop\/index.php\/nosotros-2\/\" \/>\n<meta property=\"og:site_name\" content=\"Merkli\" \/>\n<meta property=\"article:modified_time\" content=\"2024-09-25T19:18:33+00:00\" \/>\n<meta name=\"twitter:card\" content=\"summary_large_image\" \/>\n<meta name=\"twitter:label1\" content=\"Tiempo de lectura\" \/>\n\t<meta name=\"twitter:data1\" content=\"1 minuto\" \/>\n<script type=\"application\/ld+json\" class=\"yoast-schema-graph\">{\"@context\":\"https:\/\/schema.org\",\"@graph\":[{\"@type\":\"WebPage\",\"@id\":\"https:\/\/merkli.shop\/index.php\/nosotros-2\/\",\"url\":\"https:\/\/merkli.shop\/index.php\/nosotros-2\/\",\"name\":\"Nosotros - Merkli\",\"isPartOf\":{\"@id\":\"https:\/\/merkli.shop\/#website\"},\"datePublished\":\"2024-08-16T14:17:02+00:00\",\"dateModified\":\"2024-09-25T19:18:33+00:00\",\"breadcrumb\":{\"@id\":\"https:\/\/merkli.shop\/index.php\/nosotros-2\/#breadcrumb\"},\"inLanguage\":\"es\",\"potentialAction\":[{\"@type\":\"ReadAction\",\"target\":[\"https:\/\/merkli.shop\/index.php\/nosotros-2\/\"]}]},{\"@type\":\"BreadcrumbList\",\"@id\":\"https:\/\/merkli.shop\/index.php\/nosotros-2\/#breadcrumb\",\"itemListElement\":[{\"@type\":\"ListItem\",\"position\":1,\"name\":\"Portada\",\"item\":\"https:\/\/merkli.shop\/\"},{\"@type\":\"ListItem\",\"position\":2,\"name\":\"Nosotros\"}]},{\"@type\":\"WebSite\",\"@id\":\"https:\/\/merkli.shop\/#website\",\"url\":\"https:\/\/merkli.shop\/\",\"name\":\"Merkli\",\"description\":\"M\u00e1s cerca de tus productos.\",\"publisher\":{\"@id\":\"https:\/\/merkli.shop\/#organization\"},\"potentialAction\":[{\"@type\":\"SearchAction\",\"target\":{\"@type\":\"EntryPoint\",\"urlTemplate\":\"https:\/\/merkli.shop\/?s={search_term_string}\"},\"query-input\":{\"@type\":\"PropertyValueSpecification\",\"valueRequired\":true,\"valueName\":\"search_term_string\"}}],\"inLanguage\":\"es\"},{\"@type\":\"Organization\",\"@id\":\"https:\/\/merkli.shop\/#organization\",\"name\":\"Merkli\",\"url\":\"https:\/\/merkli.shop\/\",\"logo\":{\"@type\":\"ImageObject\",\"inLanguage\":\"es\",\"@id\":\"https:\/\/merkli.shop\/#\/schema\/logo\/image\/\",\"url\":\"https:\/\/merkli.shop\/wp-content\/uploads\/2025\/04\/logoyo-1-scaled.png\",\"contentUrl\":\"https:\/\/merkli.shop\/wp-content\/uploads\/2025\/04\/logoyo-1-scaled.png\",\"width\":2560,\"height\":903,\"caption\":\"Merkli\"},\"image\":{\"@id\":\"https:\/\/merkli.shop\/#\/schema\/logo\/image\/\"}}]}<\/script>\n<!-- \/ Yoast SEO plugin. -->","yoast_head_json":{"title":"Nosotros - Merkli","robots":{"index":"index","follow":"follow","max-snippet":"max-snippet:-1","max-image-preview":"max-image-preview:large","max-video-preview":"max-video-preview:-1"},"canonical":"https:\/\/merkli.shop\/index.php\/nosotros-2\/","og_locale":"es_ES","og_type":"article","og_title":"Nosotros - Merkli","og_description":"Merkli: Todo en l\u00ednea en la isla En Merkli, te traemos la frescura y variedad de los mejores productos alimenticios directamente a tu hogar, en&hellip;","og_url":"https:\/\/merkli.shop\/index.php\/nosotros-2\/","og_site_name":"Merkli","article_modified_time":"2024-09-25T19:18:33+00:00","twitter_card":"summary_large_image","twitter_misc":{"Tiempo de lectura":"1 minuto"},"schema":{"@context":"https:\/\/schema.org","@graph":[{"@type":"WebPage","@id":"https:\/\/merkli.shop\/index.php\/nosotros-2\/","url":"https:\/\/merkli.shop\/index.php\/nosotros-2\/","name":"Nosotros - Merkli","isPartOf":{"@id":"https:\/\/merkli.shop\/#website"},"datePublished":"2024-08-16T14:17:02+00:00","dateModified":"2024-09-25T19:18:33+00:00","breadcrumb":{"@id":"https:\/\/merkli.shop\/index.php\/nosotros-2\/#breadcrumb"},"inLanguage":"es","potentialAction":[{"@type":"ReadAction","target":["https:\/\/merkli.shop\/index.php\/nosotros-2\/"]}]},{"@type":"BreadcrumbList","@id":"https:\/\/merkli.shop\/index.php\/nosotros-2\/#breadcrumb","itemListElement":[{"@type":"ListItem","position":1,"name":"Portada","item":"https:\/\/merkli.shop\/"},{"@type":"ListItem","position":2,"name":"Nosotros"}]},{"@type":"WebSite","@id":"https:\/\/merkli.shop\/#website","url":"https:\/\/merkli.shop\/","name":"Merkli","description":"M\u00e1s cerca de tus productos.","publisher":{"@id":"https:\/\/merkli.shop\/#organization"},"potentialAction":[{"@type":"SearchAction","target":{"@type":"EntryPoint","urlTemplate":"https:\/\/merkli.shop\/?s={search_term_string}"},"query-input":{"@type":"PropertyValueSpecification","valueRequired":true,"valueName":"search_term_string"}}],"inLanguage":"es"},{"@type":"Organization","@id":"https:\/\/merkli.shop\/#organization","name":"Merkli","url":"https:\/\/merkli.shop\/","logo":{"@type":"ImageObject","inLanguage":"es","@id":"https:\/\/merkli.shop\/#\/schema\/logo\/image\/","url":"https:\/\/merkli.shop\/wp-content\/uploads\/2025\/04\/logoyo-1-scaled.png","contentUrl":"https:\/\/merkli.shop\/wp-content\/uploads\/2025\/04\/logoyo-1-scaled.png","width":2560,"height":903,"caption":"Merkli"},"image":{"@id":"https:\/\/merkli.shop\/#\/schema\/logo\/image\/"}}]}},"jetpack_sharing_enabled":true,"_links":{"self":[{"href":"https:\/\/merkli.shop\/index.php\/wp-json\/wp\/v2\/pages\/556","targetHints":{"allow":["GET"]}}],"collection":[{"href":"https:\/\/merkli.shop\/index.php\/wp-json\/wp\/v2\/pages"}],"about":[{"href":"https:\/\/merkli.shop\/index.php\/wp-json\/wp\/v2\/types\/page"}],"author":[{"embeddable":true,"href":"https:\/\/merkli.shop\/index.php\/wp-json\/wp\/v2\/users\/1"}],"replies":[{"embeddable":true,"href":"https:\/\/merkli.shop\/index.php\/wp-json\/wp\/v2\/comments?post=556"}],"version-history":[{"count":2,"href":"https:\/\/merkli.shop\/index.php\/wp-json\/wp\/v2\/pages\/556\/revisions"}],"predecessor-version":[{"id":620,"href":"https:\/\/merkli.shop\/index.php\/wp-json\/wp\/v2\/pages\/556\/revisions\/620"}],"wp:attachment":[{"href":"https:\/\/merkli.shop\/index.php\/wp-json\/wp\/v2\/media?parent=556"}],"curies":[{"name":"wp","href":"https:\/\/api.w.org\/{rel}","templated":true}]}}