{"id":555,"date":"2024-08-16T14:16:29","date_gmt":"2024-08-16T14:16:29","guid":{"rendered":"https:\/\/alcansan.com\/wordpress_2\/?page_id=166"},"modified":"2024-12-17T13:53:15","modified_gmt":"2024-12-17T13:53:15","slug":"tarifas-de-transportacion-2","status":"publish","type":"page","link":"https:\/\/merkli.shop\/index.php\/tarifas-de-transportacion-2\/","title":{"rendered":"Tarifas de transportaci\u00f3n"},"content":{"rendered":"<p>Para el equipo de <em>Merkli<\/em>, cumplir con el tiempo de entrega es una prioridad para garantizar la satisfacci\u00f3n del cliente con el servicio brindado.<\/p>\n<p>Entendemos por tiempo de entrega el per\u00edodo necesario para hacer llegar los productos adquiridos en nuestro sitio web, desde nuestro almac\u00e9n hasta su domicilio o para que est\u00e9n disponibles para su recogida en almac\u00e9n.<\/p>\n<p>Contamos con tres opciones de entrega: entrega inmediata a domicilio (Premium), entrega a domicilio y recogida en almac\u00e9n.<\/p>\n<p><strong>Entrega Premium en La Habana<\/strong>:<br \/>\nSe realiza dentro de las 24 horas posteriores a la recepci\u00f3n del pago y tiene una tarifa superior.<\/p>\n<p>La tarifa del env\u00edo Premium es \u00fanica y fija: 15 euros.<\/p>\n<p><strong>Entrega a domicilio en La Habana<\/strong>:<br \/>\nLos pedidos se entregar\u00e1n 72 horas despu\u00e9s de la confirmaci\u00f3n del pago de la compra, en un horario comprendido entre las 9:00 am y las 7:00 pm.<\/p>\n<p>Aplicamos una tarifa fija de 5 euros por pedido de hasta 10kg.<\/p>\n<p><strong>Recogida en almac\u00e9n<\/strong>:<br \/>\nLa recogida en almac\u00e9n se realizar\u00e1 de lunes a viernes, en el horario comprendido entre las 9:00 am y la 1:00 pm, y los s\u00e1bados de 9:00 am a 12:00 m.<\/p>\n<p>Direcci\u00f3n: Calle 230 entre 35 y 31, San Agust\u00edn, La Lisa, La Habana<\/p>\n<p>Esta opci\u00f3n es gratuita.<\/p>\n<p>Deber\u00e1 presentar su identificaci\u00f3n personal para recoger la compra realizada.<\/p>\n<p>Si no recoge su pedido dentro de los 10 d\u00edas h\u00e1biles posteriores a la confirmaci\u00f3n del pago y desde que el pedido est\u00e1 disponible en almac\u00e9n, deber\u00e1 abonar un 10% del valor de su compra en concepto de sobre estad\u00eda. Un representante se comunicar\u00e1 con usted y le enviar\u00e1 un enlace para realizar el pago del sobrecargo. Una vez efectuado el pago, se proceder\u00e1 a la entrega de su pedido.<\/p>\n<p>&nbsp;<\/p>\n","protected":false},"excerpt":{"rendered":"<p>Para el equipo de Merkli, cumplir con el tiempo de entrega es una prioridad para garantizar la satisfacci\u00f3n del cliente con el servicio brindado. Entendemos&hellip;<\/p>\n","protected":false},"author":1,"featured_media":0,"parent":0,"menu_order":0,"comment_status":"closed","ping_status":"closed","template":"","meta":{"_monsterinsights_skip_tracking":false,"_monsterinsights_sitenote_active":false,"_monsterinsights_sitenote_note":"","_monsterinsights_sitenote_category":0,"footnotes":""},"class_list":["post-555","page","type-page","status-publish","hentry"],"yoast_head":"<!-- This site is optimized with the Yoast SEO plugin v25.8 - https:\/\/yoast.com\/wordpress\/plugins\/seo\/ -->\n<title>Tarifas de transportaci\u00f3n - Merkli<\/title>\n<meta name=\"robots\" content=\"index, follow, max-snippet:-1, max-image-preview:large, max-video-preview:-1\" \/>\n<link rel=\"canonical\" href=\"https:\/\/merkli.shop\/index.php\/tarifas-de-transportacion-2\/\" \/>\n<meta property=\"og:locale\" content=\"es_ES\" \/>\n<meta property=\"og:type\" content=\"article\" \/>\n<meta property=\"og:title\" content=\"Tarifas de transportaci\u00f3n - Merkli\" \/>\n<meta property=\"og:description\" content=\"Para el equipo de Merkli, cumplir con el tiempo de entrega es una prioridad para garantizar la satisfacci\u00f3n del cliente con el servicio brindado. Entendemos&hellip;\" \/>\n<meta property=\"og:url\" content=\"https:\/\/merkli.shop\/index.php\/tarifas-de-transportacion-2\/\" \/>\n<meta property=\"og:site_name\" content=\"Merkli\" \/>\n<meta property=\"article:modified_time\" content=\"2024-12-17T13:53:15+00:00\" \/>\n<meta name=\"twitter:card\" content=\"summary_large_image\" \/>\n<meta name=\"twitter:label1\" content=\"Tiempo de lectura\" \/>\n\t<meta name=\"twitter:data1\" content=\"2 minutos\" \/>\n<script type=\"application\/ld+json\" class=\"yoast-schema-graph\">{\"@context\":\"https:\/\/schema.org\",\"@graph\":[{\"@type\":\"WebPage\",\"@id\":\"https:\/\/merkli.shop\/index.php\/tarifas-de-transportacion-2\/\",\"url\":\"https:\/\/merkli.shop\/index.php\/tarifas-de-transportacion-2\/\",\"name\":\"Tarifas de transportaci\u00f3n - Merkli\",\"isPartOf\":{\"@id\":\"https:\/\/merkli.shop\/#website\"},\"datePublished\":\"2024-08-16T14:16:29+00:00\",\"dateModified\":\"2024-12-17T13:53:15+00:00\",\"breadcrumb\":{\"@id\":\"https:\/\/merkli.shop\/index.php\/tarifas-de-transportacion-2\/#breadcrumb\"},\"inLanguage\":\"es\",\"potentialAction\":[{\"@type\":\"ReadAction\",\"target\":[\"https:\/\/merkli.shop\/index.php\/tarifas-de-transportacion-2\/\"]}]},{\"@type\":\"BreadcrumbList\",\"@id\":\"https:\/\/merkli.shop\/index.php\/tarifas-de-transportacion-2\/#breadcrumb\",\"itemListElement\":[{\"@type\":\"ListItem\",\"position\":1,\"name\":\"Portada\",\"item\":\"https:\/\/merkli.shop\/\"},{\"@type\":\"ListItem\",\"position\":2,\"name\":\"Tarifas de transportaci\u00f3n\"}]},{\"@type\":\"WebSite\",\"@id\":\"https:\/\/merkli.shop\/#website\",\"url\":\"https:\/\/merkli.shop\/\",\"name\":\"Merkli\",\"description\":\"M\u00e1s cerca de tus productos.\",\"publisher\":{\"@id\":\"https:\/\/merkli.shop\/#organization\"},\"potentialAction\":[{\"@type\":\"SearchAction\",\"target\":{\"@type\":\"EntryPoint\",\"urlTemplate\":\"https:\/\/merkli.shop\/?s={search_term_string}\"},\"query-input\":{\"@type\":\"PropertyValueSpecification\",\"valueRequired\":true,\"valueName\":\"search_term_string\"}}],\"inLanguage\":\"es\"},{\"@type\":\"Organization\",\"@id\":\"https:\/\/merkli.shop\/#organization\",\"name\":\"Merkli\",\"url\":\"https:\/\/merkli.shop\/\",\"logo\":{\"@type\":\"ImageObject\",\"inLanguage\":\"es\",\"@id\":\"https:\/\/merkli.shop\/#\/schema\/logo\/image\/\",\"url\":\"https:\/\/merkli.shop\/wp-content\/uploads\/2025\/04\/logoyo-1-scaled.png\",\"contentUrl\":\"https:\/\/merkli.shop\/wp-content\/uploads\/2025\/04\/logoyo-1-scaled.png\",\"width\":2560,\"height\":903,\"caption\":\"Merkli\"},\"image\":{\"@id\":\"https:\/\/merkli.shop\/#\/schema\/logo\/image\/\"}}]}<\/script>\n<!-- \/ Yoast SEO plugin. -->","yoast_head_json":{"title":"Tarifas de transportaci\u00f3n - Merkli","robots":{"index":"index","follow":"follow","max-snippet":"max-snippet:-1","max-image-preview":"max-image-preview:large","max-video-preview":"max-video-preview:-1"},"canonical":"https:\/\/merkli.shop\/index.php\/tarifas-de-transportacion-2\/","og_locale":"es_ES","og_type":"article","og_title":"Tarifas de transportaci\u00f3n - Merkli","og_description":"Para el equipo de Merkli, cumplir con el tiempo de entrega es una prioridad para garantizar la satisfacci\u00f3n del cliente con el servicio brindado. Entendemos&hellip;","og_url":"https:\/\/merkli.shop\/index.php\/tarifas-de-transportacion-2\/","og_site_name":"Merkli","article_modified_time":"2024-12-17T13:53:15+00:00","twitter_card":"summary_large_image","twitter_misc":{"Tiempo de lectura":"2 minutos"},"schema":{"@context":"https:\/\/schema.org","@graph":[{"@type":"WebPage","@id":"https:\/\/merkli.shop\/index.php\/tarifas-de-transportacion-2\/","url":"https:\/\/merkli.shop\/index.php\/tarifas-de-transportacion-2\/","name":"Tarifas de transportaci\u00f3n - Merkli","isPartOf":{"@id":"https:\/\/merkli.shop\/#website"},"datePublished":"2024-08-16T14:16:29+00:00","dateModified":"2024-12-17T13:53:15+00:00","breadcrumb":{"@id":"https:\/\/merkli.shop\/index.php\/tarifas-de-transportacion-2\/#breadcrumb"},"inLanguage":"es","potentialAction":[{"@type":"ReadAction","target":["https:\/\/merkli.shop\/index.php\/tarifas-de-transportacion-2\/"]}]},{"@type":"BreadcrumbList","@id":"https:\/\/merkli.shop\/index.php\/tarifas-de-transportacion-2\/#breadcrumb","itemListElement":[{"@type":"ListItem","position":1,"name":"Portada","item":"https:\/\/merkli.shop\/"},{"@type":"ListItem","position":2,"name":"Tarifas de transportaci\u00f3n"}]},{"@type":"WebSite","@id":"https:\/\/merkli.shop\/#website","url":"https:\/\/merkli.shop\/","name":"Merkli","description":"M\u00e1s cerca de tus productos.","publisher":{"@id":"https:\/\/merkli.shop\/#organization"},"potentialAction":[{"@type":"SearchAction","target":{"@type":"EntryPoint","urlTemplate":"https:\/\/merkli.shop\/?s={search_term_string}"},"query-input":{"@type":"PropertyValueSpecification","valueRequired":true,"valueName":"search_term_string"}}],"inLanguage":"es"},{"@type":"Organization","@id":"https:\/\/merkli.shop\/#organization","name":"Merkli","url":"https:\/\/merkli.shop\/","logo":{"@type":"ImageObject","inLanguage":"es","@id":"https:\/\/merkli.shop\/#\/schema\/logo\/image\/","url":"https:\/\/merkli.shop\/wp-content\/uploads\/2025\/04\/logoyo-1-scaled.png","contentUrl":"https:\/\/merkli.shop\/wp-content\/uploads\/2025\/04\/logoyo-1-scaled.png","width":2560,"height":903,"caption":"Merkli"},"image":{"@id":"https:\/\/merkli.shop\/#\/schema\/logo\/image\/"}}]}},"jetpack_sharing_enabled":true,"_links":{"self":[{"href":"https:\/\/merkli.shop\/index.php\/wp-json\/wp\/v2\/pages\/555","targetHints":{"allow":["GET"]}}],"collection":[{"href":"https:\/\/merkli.shop\/index.php\/wp-json\/wp\/v2\/pages"}],"about":[{"href":"https:\/\/merkli.shop\/index.php\/wp-json\/wp\/v2\/types\/page"}],"author":[{"embeddable":true,"href":"https:\/\/merkli.shop\/index.php\/wp-json\/wp\/v2\/users\/1"}],"replies":[{"embeddable":true,"href":"https:\/\/merkli.shop\/index.php\/wp-json\/wp\/v2\/comments?post=555"}],"version-history":[{"count":3,"href":"https:\/\/merkli.shop\/index.php\/wp-json\/wp\/v2\/pages\/555\/revisions"}],"predecessor-version":[{"id":777,"href":"https:\/\/merkli.shop\/index.php\/wp-json\/wp\/v2\/pages\/555\/revisions\/777"}],"wp:attachment":[{"href":"https:\/\/merkli.shop\/index.php\/wp-json\/wp\/v2\/media?parent=555"}],"curies":[{"name":"wp","href":"https:\/\/api.w.org\/{rel}","templated":true}]}}